{"id":996,"date":"2021-04-13T14:49:03","date_gmt":"2021-04-13T12:49:03","guid":{"rendered":"https:\/\/eurotransporti.com\/pocetna\/"},"modified":"2026-04-16T18:44:20","modified_gmt":"2026-04-16T16:44:20","slug":"pocetna","status":"publish","type":"page","link":"https:\/\/eurotransporti.com\/hr\/","title":{"rendered":"Po\u010detna"},"content":{"rendered":"","protected":false},"excerpt":{"rendered":"","protected":false},"author":1,"featured_media":0,"parent":0,"menu_order":0,"comment_status":"open","ping_status":"closed","template":"","meta":{"_acf_changed":false,"footnotes":""},"class_list":["post-996","page","type-page","status-publish","hentry"],"acf":[],"yoast_head":"<!-- This site is optimized with the Yoast SEO plugin v27.1.1 - https:\/\/yoast.com\/product\/yoast-seo-wordpress\/ -->\n<title>Pomorski transport, suhi vez i servis plovila u Zadru | Eurotransporti<\/title>\n<meta name=\"description\" content=\"Eurotransporti pru\u017ea transport plovila, skladi\u0161tenje na suhom vezu, dizanje dizalicom, rukovanje vili\u010darom i servis plovila u Zadru, Hrvatska. Pouzdana sveobuhvatna nauti\u010dka rje\u0161enja.\" \/>\n<meta name=\"robots\" content=\"index, follow, max-snippet:-1, max-image-preview:large, max-video-preview:-1\" \/>\n<link rel=\"canonical\" href=\"https:\/\/eurotransporti.com\/hr\/\" \/>\n<meta property=\"og:locale\" content=\"hr_HR\" \/>\n<meta property=\"og:type\" content=\"article\" \/>\n<meta property=\"og:title\" content=\"Eurotransporti | Pomorski transport, suhi vez i usluge za plovila u Zadru\" \/>\n<meta property=\"og:description\" content=\"Transport plovila, skladi\u0161tenje na suhom vezu, dizanje dizalicom, rukovanje vili\u010darom i servis plovila u Zadru, Hrvatska. Istra\u017eite sveobuhvatne nauti\u010dke usluge Eurotransportija.\" \/>\n<meta property=\"og:url\" content=\"https:\/\/eurotransporti.com\/hr\/\" \/>\n<meta property=\"og:site_name\" content=\"Dry Marina Zadar- All in One Solutions\" \/>\n<meta property=\"article:publisher\" content=\"https:\/\/www.facebook.com\/drymarinezd\" \/>\n<meta property=\"article:modified_time\" content=\"2026-04-16T16:44:20+00:00\" \/>\n<meta property=\"og:image\" content=\"https:\/\/eurotransporti.com\/wp-content\/uploads\/2026\/03\/social-image-2-295x300.jpg\" \/>\n<meta name=\"twitter:card\" content=\"summary_large_image\" \/>\n<script type=\"application\/ld+json\" class=\"yoast-schema-graph\">{\"@context\":\"https:\/\/schema.org\",\"@graph\":[{\"@type\":\"WebPage\",\"@id\":\"https:\/\/eurotransporti.com\/hr\/\",\"url\":\"https:\/\/eurotransporti.com\/hr\/\",\"name\":\"Pomorski transport, suhi vez i servis plovila u Zadru | Eurotransporti\",\"isPartOf\":{\"@id\":\"https:\/\/eurotransporti.com\/hr\/#website\"},\"datePublished\":\"2021-04-13T12:49:03+00:00\",\"dateModified\":\"2026-04-16T16:44:20+00:00\",\"description\":\"Eurotransporti pru\u017ea transport plovila, skladi\u0161tenje na suhom vezu, dizanje dizalicom, rukovanje vili\u010darom i servis plovila u Zadru, Hrvatska. Pouzdana sveobuhvatna nauti\u010dka rje\u0161enja.\",\"breadcrumb\":{\"@id\":\"https:\/\/eurotransporti.com\/hr\/#breadcrumb\"},\"inLanguage\":\"hr\",\"potentialAction\":[{\"@type\":\"ReadAction\",\"target\":[\"https:\/\/eurotransporti.com\/hr\/\"]}]},{\"@type\":\"BreadcrumbList\",\"@id\":\"https:\/\/eurotransporti.com\/hr\/#breadcrumb\",\"itemListElement\":[{\"@type\":\"ListItem\",\"position\":1,\"name\":\"Home\",\"item\":\"https:\/\/eurotransporti.com\/hr\/\"},{\"@type\":\"ListItem\",\"position\":2,\"name\":\"Po\u010detna\"}]},{\"@type\":\"WebSite\",\"@id\":\"https:\/\/eurotransporti.com\/hr\/#website\",\"url\":\"https:\/\/eurotransporti.com\/hr\/\",\"name\":\"Dry Marina Zadar- All in One Solutions\",\"description\":\"We provide comprehensive services to keep your boat in top condition. From transportation and secure boat storage to crane operations, professional polishing, and much more \u2013 we\u2019ve got all your boating needs covered.\",\"publisher\":{\"@id\":\"https:\/\/eurotransporti.com\/hr\/#organization\"},\"potentialAction\":[{\"@type\":\"SearchAction\",\"target\":{\"@type\":\"EntryPoint\",\"urlTemplate\":\"https:\/\/eurotransporti.com\/hr\/?s={search_term_string}\"},\"query-input\":{\"@type\":\"PropertyValueSpecification\",\"valueRequired\":true,\"valueName\":\"search_term_string\"}}],\"inLanguage\":\"hr\"},{\"@type\":\"Organization\",\"@id\":\"https:\/\/eurotransporti.com\/hr\/#organization\",\"name\":\"Dry Marina Zadar- All in One Solutions\",\"url\":\"https:\/\/eurotransporti.com\/hr\/\",\"logo\":{\"@type\":\"ImageObject\",\"inLanguage\":\"hr\",\"@id\":\"https:\/\/eurotransporti.com\/hr\/#\/schema\/logo\/image\/\",\"url\":\"https:\/\/eurotransporti.com\/wp-content\/uploads\/2025\/11\/cropped-eurotransporti-logo.png\",\"contentUrl\":\"https:\/\/eurotransporti.com\/wp-content\/uploads\/2025\/11\/cropped-eurotransporti-logo.png\",\"width\":1024,\"height\":247,\"caption\":\"Dry Marina Zadar- All in One Solutions\"},\"image\":{\"@id\":\"https:\/\/eurotransporti.com\/hr\/#\/schema\/logo\/image\/\"},\"sameAs\":[\"https:\/\/www.facebook.com\/drymarinezd\"]}]}<\/script>\n<!-- \/ Yoast SEO plugin. -->","yoast_head_json":{"title":"Pomorski transport, suhi vez i servis plovila u Zadru | Eurotransporti","description":"Eurotransporti pru\u017ea transport plovila, skladi\u0161tenje na suhom vezu, dizanje dizalicom, rukovanje vili\u010darom i servis plovila u Zadru, Hrvatska. Pouzdana sveobuhvatna nauti\u010dka rje\u0161enja.","robots":{"index":"index","follow":"follow","max-snippet":"max-snippet:-1","max-image-preview":"max-image-preview:large","max-video-preview":"max-video-preview:-1"},"canonical":"https:\/\/eurotransporti.com\/hr\/","og_locale":"hr_HR","og_type":"article","og_title":"Eurotransporti | Pomorski transport, suhi vez i usluge za plovila u Zadru","og_description":"Transport plovila, skladi\u0161tenje na suhom vezu, dizanje dizalicom, rukovanje vili\u010darom i servis plovila u Zadru, Hrvatska. Istra\u017eite sveobuhvatne nauti\u010dke usluge Eurotransportija.","og_url":"https:\/\/eurotransporti.com\/hr\/","og_site_name":"Dry Marina Zadar- All in One Solutions","article_publisher":"https:\/\/www.facebook.com\/drymarinezd","article_modified_time":"2026-04-16T16:44:20+00:00","og_image":[{"url":"https:\/\/eurotransporti.com\/wp-content\/uploads\/2026\/03\/social-image-2-295x300.jpg","type":"","width":"","height":""}],"twitter_card":"summary_large_image","schema":{"@context":"https:\/\/schema.org","@graph":[{"@type":"WebPage","@id":"https:\/\/eurotransporti.com\/hr\/","url":"https:\/\/eurotransporti.com\/hr\/","name":"Pomorski transport, suhi vez i servis plovila u Zadru | Eurotransporti","isPartOf":{"@id":"https:\/\/eurotransporti.com\/hr\/#website"},"datePublished":"2021-04-13T12:49:03+00:00","dateModified":"2026-04-16T16:44:20+00:00","description":"Eurotransporti pru\u017ea transport plovila, skladi\u0161tenje na suhom vezu, dizanje dizalicom, rukovanje vili\u010darom i servis plovila u Zadru, Hrvatska. Pouzdana sveobuhvatna nauti\u010dka rje\u0161enja.","breadcrumb":{"@id":"https:\/\/eurotransporti.com\/hr\/#breadcrumb"},"inLanguage":"hr","potentialAction":[{"@type":"ReadAction","target":["https:\/\/eurotransporti.com\/hr\/"]}]},{"@type":"BreadcrumbList","@id":"https:\/\/eurotransporti.com\/hr\/#breadcrumb","itemListElement":[{"@type":"ListItem","position":1,"name":"Home","item":"https:\/\/eurotransporti.com\/hr\/"},{"@type":"ListItem","position":2,"name":"Po\u010detna"}]},{"@type":"WebSite","@id":"https:\/\/eurotransporti.com\/hr\/#website","url":"https:\/\/eurotransporti.com\/hr\/","name":"Dry Marina Zadar- All in One Solutions","description":"We provide comprehensive services to keep your boat in top condition. From transportation and secure boat storage to crane operations, professional polishing, and much more \u2013 we\u2019ve got all your boating needs covered.","publisher":{"@id":"https:\/\/eurotransporti.com\/hr\/#organization"},"potentialAction":[{"@type":"SearchAction","target":{"@type":"EntryPoint","urlTemplate":"https:\/\/eurotransporti.com\/hr\/?s={search_term_string}"},"query-input":{"@type":"PropertyValueSpecification","valueRequired":true,"valueName":"search_term_string"}}],"inLanguage":"hr"},{"@type":"Organization","@id":"https:\/\/eurotransporti.com\/hr\/#organization","name":"Dry Marina Zadar- All in One Solutions","url":"https:\/\/eurotransporti.com\/hr\/","logo":{"@type":"ImageObject","inLanguage":"hr","@id":"https:\/\/eurotransporti.com\/hr\/#\/schema\/logo\/image\/","url":"https:\/\/eurotransporti.com\/wp-content\/uploads\/2025\/11\/cropped-eurotransporti-logo.png","contentUrl":"https:\/\/eurotransporti.com\/wp-content\/uploads\/2025\/11\/cropped-eurotransporti-logo.png","width":1024,"height":247,"caption":"Dry Marina Zadar- All in One Solutions"},"image":{"@id":"https:\/\/eurotransporti.com\/hr\/#\/schema\/logo\/image\/"},"sameAs":["https:\/\/www.facebook.com\/drymarinezd"]}]}},"_links":{"self":[{"href":"https:\/\/eurotransporti.com\/hr\/wp-json\/wp\/v2\/pages\/996","targetHints":{"allow":["GET"]}}],"collection":[{"href":"https:\/\/eurotransporti.com\/hr\/wp-json\/wp\/v2\/pages"}],"about":[{"href":"https:\/\/eurotransporti.com\/hr\/wp-json\/wp\/v2\/types\/page"}],"author":[{"embeddable":true,"href":"https:\/\/eurotransporti.com\/hr\/wp-json\/wp\/v2\/users\/1"}],"replies":[{"embeddable":true,"href":"https:\/\/eurotransporti.com\/hr\/wp-json\/wp\/v2\/comments?post=996"}],"version-history":[{"count":1,"href":"https:\/\/eurotransporti.com\/hr\/wp-json\/wp\/v2\/pages\/996\/revisions"}],"predecessor-version":[{"id":1002,"href":"https:\/\/eurotransporti.com\/hr\/wp-json\/wp\/v2\/pages\/996\/revisions\/1002"}],"wp:attachment":[{"href":"https:\/\/eurotransporti.com\/hr\/wp-json\/wp\/v2\/media?parent=996"}],"curies":[{"name":"wp","href":"https:\/\/api.w.org\/{rel}","templated":true}]}}